{"id":6711,"date":"2015-02-10T08:46:19","date_gmt":"2015-02-10T13:46:19","guid":{"rendered":"https:\/\/www.duchesne.ca\/?page_id=6711"},"modified":"2025-11-03T08:40:19","modified_gmt":"2025-11-03T13:40:19","slug":"useful-links","status":"publish","type":"page","link":"https:\/\/www.duchesne.ca\/en\/useful-links\/","title":{"rendered":"Useful links"},"content":{"rendered":"<div class=\"wpb-content-wrapper\">[vc_row inner_container=\"true\" padding_top=\"0px\" padding_bottom=\"0px\"][vc_column fade_animation_offset=\"45px\" width=\"1\/1\"]<h1>Useful links<\/h1>\n<hr  class=\"x-hr\" style=\"border-color: #121212;\">[\/vc_column][\/vc_row][vc_row inner_container=\"true\" padding_top=\"0px\" padding_bottom=\"0px\"][vc_column fade_animation_offset=\"45px\" width=\"1\/1\"]<p><strong>Duchesne's videos<\/strong><\/p>\n<ul>\n<li><a href=\"https:\/\/youtu.be\/zZwR_atHJfs\" target=\"_blank\" rel=\"noopener noreferrer\">Plants and products manufacturing\u00a0<\/a><\/li>\n<\/ul>\n<p><b>Associations of building material dealers<\/b><\/p>\n<ul>\n<li><span class=\"ocre11\"><a class=\"ocre\" href=\"http:\/\/www.absda.ca\/\" target=\"_blank\" rel=\"noopener noreferrer\">ABSDA<\/a><\/span><\/li>\n<li><span class=\"ocre11\"><a class=\"ocre\" href=\"http:\/\/www.aqmat.org\" target=\"_blank\" rel=\"noopener noreferrer\">AQMAT<\/a><\/span><\/li>\n<li><a href=\"https:\/\/www.wrla.org\/\">WRLA<\/a><\/li>\n<\/ul>\n<p><b>Warranties<\/b><\/p>\n<ul>\n<li><a href=\"https:\/\/www.duchesne.ca\/pdf\/en\/vinyl\/warranty-vinyl.pdf\" target=\"_blank\" rel=\"noopener\">Vinyl warranty<\/a><\/li>\n<\/ul>\n<p><b>Other associations<\/b><\/p>\n<ul>\n<li><a href=\"http:\/\/aermq.qc.ca\/\">AERMQ<\/a><\/li>\n<li><span class=\"ocre11\"><a class=\"ocre\" href=\"http:\/\/www.sqmh.ca\/membresFournisseurs.asp\" target=\"_blank\" rel=\"noopener noreferrer\">Soci\u00e9t\u00e9 Qu\u00e9b\u00e9coise des Manufacturiers d'Habitation<\/a><\/span><\/li>\n<li><span class=\"ocre11\"><a class=\"ocre\" href=\"http:\/\/www.tubecon.qc.ca\/\" target=\"_blank\" rel=\"noopener noreferrer\">Tub\u00e9con<\/a><\/span><\/li>\n<\/ul>\n<p><b>To learn more about steel siding<\/b><\/p>\n<ul>\n<li><span class=\"ocre11\"><a class=\"ocre\" href=\"http:\/\/www.cssbi.ca\/\" target=\"_blank\" rel=\"noopener noreferrer\">CSSBI<\/a><\/span><\/li>\n<\/ul>\n<p><b>To learn more about standards and certifications<\/b><\/p>\n<ul>\n<li><span class=\"ocre11\"><a class=\"ocre\" href=\"http:\/\/www.nrc-cnrc.gc.ca\/eng\/solutions\/advisory\/ccmc_index.html\" target=\"_blank\" rel=\"noopener noreferrer\">CCMC<\/a><\/span><\/li>\n<li><span class=\"ocre11\"><a class=\"ocre\" href=\"http:\/\/www.cssinfo.com\/info\/cgsb.html\" target=\"_blank\" rel=\"noopener noreferrer\">CGSB - Canadian General Standards Board<\/a><\/span><\/li>\n<\/ul>\n<p><b>To learn more about plastics<\/b><\/p>\n<ul>\n<li><span class=\"ocre11\"><a class=\"ocre\" href=\"http:\/\/www.plastics.ca\/home\/index.php\" target=\"_blank\" rel=\"noopener noreferrer\">Canadian Plastics Industry Association<\/a><\/span><\/li>\n<\/ul>\n<p><b>Groups of dealers<\/b><\/p>\n<ul>\n<li><span class=\"ocre11\"><a class=\"ocre\" href=\"http:\/\/www.bmr.co\/en\/\" target=\"_blank\" rel=\"noopener noreferrer\">BMR - Le groupe<\/a><\/span><\/li>\n<li><a href=\"https:\/\/sextongroup.com\/\">Byco<\/a><\/li>\n<li><span class=\"ocre11\"><a class=\"ocre\" href=\"http:\/\/www.castle.ca\/\" target=\"_blank\" rel=\"noopener noreferrer\">Castle Building Centres<\/a><\/span><\/li>\n<li><a href=\"http:\/\/www.canac.ca\/en\/home.aspx\">Canac<\/a><\/li>\n<li>CCS<\/li>\n<li><span class=\"ocre11\"><a class=\"ocre\" href=\"http:\/\/www.homehardware.com\/\" target=\"_blank\" rel=\"noopener noreferrer\">Home Hardware<\/a><\/span><\/li>\n<li><span class=\"ocre11\"><a class=\"ocre\" href=\"http:\/\/www.ildc.com\/\" target=\"_blank\" rel=\"noopener noreferrer\">ILDC<\/a><\/span><\/li>\n<li><span class=\"ocre11\"><a class=\"ocre\" href=\"http:\/\/www.lacoop.coop\/\" target=\"_blank\" rel=\"noopener noreferrer\">La coop\u00e9rative f\u00e9d\u00e9r\u00e9e de Qu\u00e9bec<\/a><\/span><\/li>\n<li><a href=\"http:\/\/www.canac.ca\/en\/home.aspx\">Patrick Morin<\/a><\/li>\n<li><span class=\"ocre11\"><a class=\"ocre\" href=\"http:\/\/www.renodepot.com\/\" target=\"_blank\" rel=\"noopener noreferrer\">R\u00e9no-D\u00e9p\u00f4t<\/a><\/span><\/li>\n<li><span class=\"ocre11\"><a class=\"ocre\" href=\"http:\/\/www.rona.ca\/en\" target=\"_blank\" rel=\"noopener noreferrer\">Lowe's - Rona<\/a><\/span><\/li>\n<li><a href=\"https:\/\/sextongroup.com\/\">Sexton Group LTD<\/a><\/li>\n<li><span class=\"ocre11\"><a class=\"ocre\" href=\"http:\/\/www.spancan.com\/\" target=\"_blank\" rel=\"noopener noreferrer\">Spancan<\/a><\/span><\/li>\n<li><span class=\"ocre11\"><a class=\"ocre\" href=\"http:\/\/www.timbermart.ca\/en\" target=\"_blank\" rel=\"noopener noreferrer\">TIM-BR Mart<\/a><\/span><\/li>\n<\/ul>\n<p><b>Clients<\/b><\/p>\n<ul>\n<li><a href=\"http:\/\/www.huttig.com\/\">Huttig<\/a><\/li>\n<li><span class=\"ocre11\"><a class=\"ocre\" href=\"https:\/\/www.orgill.ca\/default.aspx?&amp;check=1\" target=\"_blank\" rel=\"noopener noreferrer\">Orgill<\/a><\/span><\/li>\n<\/ul>\n<p><b>Policies<\/b><\/p>\n<ul>\n<li><a href=\"https:\/\/staging.duchesne.ca\/en\/useful-links\/private-policy\/\" target=\"_blank\" rel=\"noopener\">Private policy<\/a><\/li>\n<li><span class=\"ocre11\"><a class=\"ocre\" href=\"https:\/\/staging.duchesne.ca\/en\/terms-and-conditions\/\" target=\"_blank\" rel=\"noopener noreferrer\">Terms and conditions<\/a><\/span><\/li>\n<\/ul>\n[\/vc_column][\/vc_row]\n<\/div>","protected":false},"excerpt":{"rendered":"<p>[vc_row inner_container=\"true\" padding_top=\"0px\" padding_bottom=\"0px\"][vc_column fade_animation_offset=\"45px\" width=\"1\/1\"][\/vc_column][\/vc_row][vc_row inner_container=\"true\" padding_top=\"0px\" padding_bottom=\"0px\"][vc_column fade_animation_offset=\"45px\" width=\"1\/1\"][\/vc_column][\/vc_row]<\/p>\n","protected":false},"author":35,"featured_media":0,"parent":0,"menu_order":130,"comment_status":"closed","ping_status":"closed","template":"template-blank-4.php","meta":{"_acf_changed":false,"footnotes":""},"class_list":["post-6711","page","type-page","status-publish","hentry","no-post-thumbnail"],"acf":[],"yoast_head":"<!-- This site is optimized with the Yoast SEO plugin v24.4 - https:\/\/yoast.com\/wordpress\/plugins\/seo\/ -->\n<title>Useful links - Duchesne<\/title>\n<meta name=\"robots\" content=\"index, follow, max-snippet:-1, max-image-preview:large, max-video-preview:-1\" \/>\n<link rel=\"canonical\" href=\"https:\/\/www.duchesne.ca\/en\/useful-links\/\" \/>\n<meta property=\"og:locale\" content=\"en_US\" \/>\n<meta property=\"og:type\" content=\"article\" \/>\n<meta property=\"og:title\" content=\"Useful links - Duchesne\" \/>\n<meta property=\"og:description\" content=\"[vc_row inner_container=&quot;true&quot; padding_top=&quot;0px&quot; padding_bottom=&quot;0px&quot;][vc_column fade_animation_offset=&quot;45px&quot; width=&quot;1\/1&quot;][\/vc_column][\/vc_row][vc_row inner_container=&quot;true&quot; padding_top=&quot;0px&quot; padding_bottom=&quot;0px&quot;][vc_column fade_animation_offset=&quot;45px&quot; width=&quot;1\/1&quot;][\/vc_column][\/vc_row]\" \/>\n<meta property=\"og:url\" content=\"https:\/\/www.duchesne.ca\/en\/useful-links\/\" \/>\n<meta property=\"og:site_name\" content=\"Duchesne\" \/>\n<meta property=\"article:publisher\" content=\"https:\/\/www.facebook.com\/DuchesneEtFils\" \/>\n<meta property=\"article:modified_time\" content=\"2025-11-03T13:40:19+00:00\" \/>\n<meta property=\"og:image\" content=\"https:\/\/www.duchesne.ca\/wp-content\/uploads\/2015\/09\/og_en.jpg\" \/>\n\t<meta property=\"og:image:width\" content=\"1200\" \/>\n\t<meta property=\"og:image:height\" content=\"1200\" \/>\n\t<meta property=\"og:image:type\" content=\"image\/jpeg\" \/>\n<meta name=\"twitter:label1\" content=\"Est. reading time\" \/>\n\t<meta name=\"twitter:data1\" content=\"1 minute\" \/>\n<script type=\"application\/ld+json\" class=\"yoast-schema-graph\">{\"@context\":\"https:\/\/schema.org\",\"@graph\":[{\"@type\":\"WebPage\",\"@id\":\"https:\/\/www.duchesne.ca\/en\/useful-links\/\",\"url\":\"https:\/\/www.duchesne.ca\/en\/useful-links\/\",\"name\":\"Useful links - Duchesne\",\"isPartOf\":{\"@id\":\"https:\/\/www.duchesne.ca\/#website\"},\"datePublished\":\"2015-02-10T13:46:19+00:00\",\"dateModified\":\"2025-11-03T13:40:19+00:00\",\"breadcrumb\":{\"@id\":\"https:\/\/www.duchesne.ca\/en\/useful-links\/#breadcrumb\"},\"inLanguage\":\"en-US\",\"potentialAction\":[{\"@type\":\"ReadAction\",\"target\":[\"https:\/\/www.duchesne.ca\/en\/useful-links\/\"]}]},{\"@type\":\"BreadcrumbList\",\"@id\":\"https:\/\/www.duchesne.ca\/en\/useful-links\/#breadcrumb\",\"itemListElement\":[{\"@type\":\"ListItem\",\"position\":1,\"name\":\"Accueil\",\"item\":\"https:\/\/www.duchesne.ca\/en\/\"},{\"@type\":\"ListItem\",\"position\":2,\"name\":\"Useful links\"}]},{\"@type\":\"WebSite\",\"@id\":\"https:\/\/www.duchesne.ca\/#website\",\"url\":\"https:\/\/www.duchesne.ca\/\",\"name\":\"Duchesne et Fils Lt\u00e9e\",\"description\":\"Fiable. Simplement.\",\"publisher\":{\"@id\":\"https:\/\/www.duchesne.ca\/#organization\"},\"alternateName\":\"Duchesne\",\"potentialAction\":[{\"@type\":\"SearchAction\",\"target\":{\"@type\":\"EntryPoint\",\"urlTemplate\":\"https:\/\/www.duchesne.ca\/?s={search_term_string}\"},\"query-input\":{\"@type\":\"PropertyValueSpecification\",\"valueRequired\":true,\"valueName\":\"search_term_string\"}}],\"inLanguage\":\"en-US\"},{\"@type\":\"Organization\",\"@id\":\"https:\/\/www.duchesne.ca\/#organization\",\"name\":\"Duchesne & Fils Lt\u00e9e\",\"alternateName\":\"Duchesne\",\"url\":\"https:\/\/www.duchesne.ca\/\",\"logo\":{\"@type\":\"ImageObject\",\"inLanguage\":\"en-US\",\"@id\":\"https:\/\/www.duchesne.ca\/#\/schema\/logo\/image\/\",\"url\":\"https:\/\/www.duchesne.ca\/wp-content\/uploads\/2015\/10\/Logo-FR-noir.png\",\"contentUrl\":\"https:\/\/www.duchesne.ca\/wp-content\/uploads\/2015\/10\/Logo-FR-noir.png\",\"width\":200,\"height\":51,\"caption\":\"Duchesne & Fils Lt\u00e9e\"},\"image\":{\"@id\":\"https:\/\/www.duchesne.ca\/#\/schema\/logo\/image\/\"},\"sameAs\":[\"https:\/\/www.facebook.com\/DuchesneEtFils\",\"https:\/\/www.linkedin.com\/company\/duchesne-et-fils-lte\"]}]}<\/script>\n<!-- \/ Yoast SEO plugin. -->","yoast_head_json":{"title":"Useful links - Duchesne","robots":{"index":"index","follow":"follow","max-snippet":"max-snippet:-1","max-image-preview":"max-image-preview:large","max-video-preview":"max-video-preview:-1"},"canonical":"https:\/\/www.duchesne.ca\/en\/useful-links\/","og_locale":"en_US","og_type":"article","og_title":"Useful links - Duchesne","og_description":"[vc_row inner_container=\"true\" padding_top=\"0px\" padding_bottom=\"0px\"][vc_column fade_animation_offset=\"45px\" width=\"1\/1\"][\/vc_column][\/vc_row][vc_row inner_container=\"true\" padding_top=\"0px\" padding_bottom=\"0px\"][vc_column fade_animation_offset=\"45px\" width=\"1\/1\"][\/vc_column][\/vc_row]","og_url":"https:\/\/www.duchesne.ca\/en\/useful-links\/","og_site_name":"Duchesne","article_publisher":"https:\/\/www.facebook.com\/DuchesneEtFils","article_modified_time":"2025-11-03T13:40:19+00:00","og_image":[{"width":1200,"height":1200,"url":"https:\/\/www.duchesne.ca\/wp-content\/uploads\/2015\/09\/og_en.jpg","type":"image\/jpeg"}],"twitter_misc":{"Est. reading time":"1 minute"},"schema":{"@context":"https:\/\/schema.org","@graph":[{"@type":"WebPage","@id":"https:\/\/www.duchesne.ca\/en\/useful-links\/","url":"https:\/\/www.duchesne.ca\/en\/useful-links\/","name":"Useful links - Duchesne","isPartOf":{"@id":"https:\/\/www.duchesne.ca\/#website"},"datePublished":"2015-02-10T13:46:19+00:00","dateModified":"2025-11-03T13:40:19+00:00","breadcrumb":{"@id":"https:\/\/www.duchesne.ca\/en\/useful-links\/#breadcrumb"},"inLanguage":"en-US","potentialAction":[{"@type":"ReadAction","target":["https:\/\/www.duchesne.ca\/en\/useful-links\/"]}]},{"@type":"BreadcrumbList","@id":"https:\/\/www.duchesne.ca\/en\/useful-links\/#breadcrumb","itemListElement":[{"@type":"ListItem","position":1,"name":"Accueil","item":"https:\/\/www.duchesne.ca\/en\/"},{"@type":"ListItem","position":2,"name":"Useful links"}]},{"@type":"WebSite","@id":"https:\/\/www.duchesne.ca\/#website","url":"https:\/\/www.duchesne.ca\/","name":"Duchesne et Fils Lt\u00e9e","description":"Fiable. Simplement.","publisher":{"@id":"https:\/\/www.duchesne.ca\/#organization"},"alternateName":"Duchesne","potentialAction":[{"@type":"SearchAction","target":{"@type":"EntryPoint","urlTemplate":"https:\/\/www.duchesne.ca\/?s={search_term_string}"},"query-input":{"@type":"PropertyValueSpecification","valueRequired":true,"valueName":"search_term_string"}}],"inLanguage":"en-US"},{"@type":"Organization","@id":"https:\/\/www.duchesne.ca\/#organization","name":"Duchesne & Fils Lt\u00e9e","alternateName":"Duchesne","url":"https:\/\/www.duchesne.ca\/","logo":{"@type":"ImageObject","inLanguage":"en-US","@id":"https:\/\/www.duchesne.ca\/#\/schema\/logo\/image\/","url":"https:\/\/www.duchesne.ca\/wp-content\/uploads\/2015\/10\/Logo-FR-noir.png","contentUrl":"https:\/\/www.duchesne.ca\/wp-content\/uploads\/2015\/10\/Logo-FR-noir.png","width":200,"height":51,"caption":"Duchesne & Fils Lt\u00e9e"},"image":{"@id":"https:\/\/www.duchesne.ca\/#\/schema\/logo\/image\/"},"sameAs":["https:\/\/www.facebook.com\/DuchesneEtFils","https:\/\/www.linkedin.com\/company\/duchesne-et-fils-lte"]}]}},"_links":{"self":[{"href":"https:\/\/www.duchesne.ca\/en\/wp-json\/wp\/v2\/pages\/6711","targetHints":{"allow":["GET"]}}],"collection":[{"href":"https:\/\/www.duchesne.ca\/en\/wp-json\/wp\/v2\/pages"}],"about":[{"href":"https:\/\/www.duchesne.ca\/en\/wp-json\/wp\/v2\/types\/page"}],"author":[{"embeddable":true,"href":"https:\/\/www.duchesne.ca\/en\/wp-json\/wp\/v2\/users\/35"}],"replies":[{"embeddable":true,"href":"https:\/\/www.duchesne.ca\/en\/wp-json\/wp\/v2\/comments?post=6711"}],"version-history":[{"count":26,"href":"https:\/\/www.duchesne.ca\/en\/wp-json\/wp\/v2\/pages\/6711\/revisions"}],"predecessor-version":[{"id":35308,"href":"https:\/\/www.duchesne.ca\/en\/wp-json\/wp\/v2\/pages\/6711\/revisions\/35308"}],"wp:attachment":[{"href":"https:\/\/www.duchesne.ca\/en\/wp-json\/wp\/v2\/media?parent=6711"}],"curies":[{"name":"wp","href":"https:\/\/api.w.org\/{rel}","templated":true}]}}