{"id":6698,"date":"2015-02-10T08:43:38","date_gmt":"2015-02-10T13:43:38","guid":{"rendered":"https:\/\/www.duchesne.ca\/?page_id=6698"},"modified":"2022-03-04T11:41:47","modified_gmt":"2022-03-04T16:41:47","slug":"careers-old","status":"publish","type":"page","link":"https:\/\/www.duchesne.ca\/en\/careers-old\/","title":{"rendered":"Careers old"},"content":{"rendered":"<div class=\"wpb-content-wrapper\">[vc_row inner_container=\"true\" padding_top=\"0px\" padding_bottom=\"0px\" bg_video=\"\" class=\"\" style=\"\"][vc_column fade_animation_offset=\"45px\" width=\"1\/1\"]<h1>Careers<\/h1>\n<h5><\/h5>\n<h3>RECRUITMENT<\/h3>\n<hr  class=\"x-gap\" style=\"margin: 1.313em 0 0 0;\"><p>Are you looking for a dynamic job, safe and offering challenges and opportunities for advancement?<\/p>\n<p>Duchesne, building materials manufacturer and family owned company that celebrated in 2017 its 90 years of existence, offers a dynamic and motivating work environment, with possibilities of advancement, valorizing teamwork and pleasure at work.\u00a0 Since the past two years, Duchesne has known a significant growth and is looking for involved people, who want to make a difference.<\/p>\n<p>The Duchesne Human Resources team.<\/p>\n<hr  class=\"x-hr\" style=\"border-color:#121212;\"><hr  class=\"x-gap\" style=\"margin: 1.313em 0 0 0;\"><p>In today's world, you don't become a leader in your field without the constant support and commitment of your whole team.<\/p>\n<p>Thanks to a management approach based on respect for the individual, integrity and instilling a sense of responsibility, Duchesne has succeeded in constantly mobilizing all its personnel. Proof is that staff members have an average of over than 15 years of experience, despite the arrival of several young employees. As well, members of the executive committee are in their early fifties.<\/p>\n<p>As a result, Duchesne employees form an experienced team which clients can truly rely on...for quite a long time!<\/p>\n<p><a class=\"btn-carrieres\" href=\"mailto:recrutement@duchesne.ca?subject=Employment\">Forward my r\u00e9sum\u00e9<\/a><\/p>\n[\/vc_column][\/vc_row][vc_row inner_container=\"true\" padding_top=\"0px\" padding_bottom=\"0px\" bg_video=\"\" class=\"\" style=\"\"][vc_column fade_animation_offset=\"45px\" width=\"1\/1\" id=\"\" class=\"x-promo\" style=\"padding: 10px\"]<h5>Join the Duchesne team?<\/h5>\n<p><strong>Position(s) currently\u00a0available<\/strong><\/p>\n<p><em>No position is currently available.<\/em><\/p>\n[\/vc_column][\/vc_row][vc_row inner_container=\"true\" padding_top=\"0px\" padding_bottom=\"0px\" bg_video=\"\" class=\"\" style=\"\"][vc_column fade_animation_offset=\"45px\" width=\"1\/1\"]<p>If either one of the jobs, offering excellent opportunities for your personal advancement, matches your qualifications and aspirations, you can send us your resum\u00e9 by selecting the link \u00ab\u00a0Apply for this position\u00a0\u00bb.<\/p>\n<p>You can also send us your resum\u00e9, stating clearly the reference number, to the Human Resources Manager at Duchesne et Fils Lt\u00e9e, 871 Boulevard Duchesne, Yamachiche, Qu\u00e9bec, Canada G0X 3L0.\u00a0 Fax (819)296-3300.<\/p>\n<p>We offer equal opportunities in employment.\u00a0 We are honnored by the interest of all applicants, however, we will contact only those selected.<\/p>\n<p>Resum\u00e9s are kept for a period of 6 months.<\/p>\n<h5>NO POSITION AVAILABLE MATCHES YOUR PROFILE ?<\/h5>\n<p>You can still send us your resum\u00e9 for future employment opportunities.<\/p>\n<p><a class=\"btn-carrieres\" href=\"mailto:recrutement@duchesne.ca?subject=Employment\">Forward my r\u00e9sum\u00e9<\/a><\/p>\n<p><a href=\"https:\/\/www.linkedin.com\/company\/duchesne-et-fils-lt%C3%A9e\/\" target=\"_blank\" rel=\"noopener noreferrer\"><img loading=\"lazy\" decoding=\"async\" class=\"alignnone wp-image-20458\" src=\"https:\/\/www.duchesne.ca\/wp-content\/uploads\/2015\/02\/linkedin-icon-300x300.png\" alt=\"linkedin-icon\" width=\"40\" height=\"40\" srcset=\"https:\/\/www.duchesne.ca\/wp-content\/uploads\/2015\/02\/linkedin-icon-300x300.png 300w, https:\/\/www.duchesne.ca\/wp-content\/uploads\/2015\/02\/linkedin-icon-150x150.png 150w, https:\/\/www.duchesne.ca\/wp-content\/uploads\/2015\/02\/linkedin-icon-100x100.png 100w, https:\/\/www.duchesne.ca\/wp-content\/uploads\/2015\/02\/linkedin-icon-862x862.png 862w, https:\/\/www.duchesne.ca\/wp-content\/uploads\/2015\/02\/linkedin-icon.png 1024w\" sizes=\"auto, (max-width: 40px) 100vw, 40px\" \/><\/a><\/p>\n<p><a href=\"https:\/\/www.facebook.com\/Duchesne-et-Fils-Lt%C3%A9e-241177923026317\/\" target=\"_blank\" rel=\"noopener noreferrer\"><img loading=\"lazy\" decoding=\"async\" class=\"alignnone wp-image-22969\" src=\"https:\/\/www.duchesne.ca\/wp-content\/uploads\/2015\/02\/fb-art.png\" alt=\"\" width=\"40\" height=\"40\" \/><\/a><\/p>\n[\/vc_column][\/vc_row]\n<\/div>","protected":false},"excerpt":{"rendered":"<p>[vc_row inner_container=\"true\" padding_top=\"0px\" padding_bottom=\"0px\" bg_video=\"\" class=\"\" style=\"\"][vc_column fade_animation_offset=\"45px\" width=\"1\/1\"][\/vc_column][\/vc_row][vc_row inner_container=\"true\" padding_top=\"0px\" padding_bottom=\"0px\" bg_video=\"\" class=\"\" style=\"\"][vc_column fade_animation_offset=\"45px\" width=\"1\/1\" id=\"\" class=\"x-promo\" style=\"padding: 10px\"][\/vc_column][\/vc_row][vc_row inner_container=\"true\" padding_top=\"0px\" padding_bottom=\"0px\" bg_video=\"\" class=\"\" style=\"\"][vc_column fade_animation_offset=\"45px\" width=\"1\/1\"][\/vc_column][\/vc_row]<\/p>\n","protected":false},"author":35,"featured_media":0,"parent":0,"menu_order":120,"comment_status":"open","ping_status":"closed","template":"template-blank-4.php","meta":{"_acf_changed":false,"footnotes":""},"class_list":["post-6698","page","type-page","status-publish","hentry","no-post-thumbnail"],"acf":[],"yoast_head":"<!-- This site is optimized with the Yoast SEO plugin v24.4 - https:\/\/yoast.com\/wordpress\/plugins\/seo\/ -->\n<title>Careers old - Duchesne<\/title>\n<meta name=\"robots\" content=\"index, follow, max-snippet:-1, max-image-preview:large, max-video-preview:-1\" \/>\n<link rel=\"canonical\" href=\"https:\/\/www.duchesne.ca\/en\/careers-old\/\" \/>\n<meta property=\"og:locale\" content=\"en_US\" \/>\n<meta property=\"og:type\" content=\"article\" \/>\n<meta property=\"og:title\" content=\"Careers old - Duchesne\" \/>\n<meta property=\"og:description\" content=\"[vc_row inner_container=&quot;true&quot; padding_top=&quot;0px&quot; padding_bottom=&quot;0px&quot; bg_video=&quot;&quot; class=&quot;&quot; style=&quot;&quot;][vc_column fade_animation_offset=&quot;45px&quot; width=&quot;1\/1&quot;][\/vc_column][\/vc_row][vc_row inner_container=&quot;true&quot; padding_top=&quot;0px&quot; padding_bottom=&quot;0px&quot; bg_video=&quot;&quot; class=&quot;&quot; style=&quot;&quot;][vc_column fade_animation_offset=&quot;45px&quot; width=&quot;1\/1&quot; id=&quot;&quot; class=&quot;x-promo&quot; style=&quot;padding: 10px&quot;][\/vc_column][\/vc_row][vc_row inner_container=&quot;true&quot; padding_top=&quot;0px&quot; padding_bottom=&quot;0px&quot; bg_video=&quot;&quot; class=&quot;&quot; style=&quot;&quot;][vc_column fade_animation_offset=&quot;45px&quot; width=&quot;1\/1&quot;][\/vc_column][\/vc_row]\" \/>\n<meta property=\"og:url\" content=\"https:\/\/www.duchesne.ca\/en\/careers-old\/\" \/>\n<meta property=\"og:site_name\" content=\"Duchesne\" \/>\n<meta property=\"article:publisher\" content=\"https:\/\/www.facebook.com\/DuchesneEtFils\" \/>\n<meta property=\"article:modified_time\" content=\"2022-03-04T16:41:47+00:00\" \/>\n<meta property=\"og:image\" content=\"https:\/\/www.duchesne.ca\/wp-content\/uploads\/2015\/09\/og_en.jpg\" \/>\n\t<meta property=\"og:image:width\" content=\"1200\" \/>\n\t<meta property=\"og:image:height\" content=\"1200\" \/>\n\t<meta property=\"og:image:type\" content=\"image\/jpeg\" \/>\n<meta name=\"twitter:label1\" content=\"Est. reading time\" \/>\n\t<meta name=\"twitter:data1\" content=\"2 minutes\" \/>\n<script type=\"application\/ld+json\" class=\"yoast-schema-graph\">{\"@context\":\"https:\/\/schema.org\",\"@graph\":[{\"@type\":\"WebPage\",\"@id\":\"https:\/\/www.duchesne.ca\/en\/careers-old\/\",\"url\":\"https:\/\/www.duchesne.ca\/en\/careers-old\/\",\"name\":\"Careers old - Duchesne\",\"isPartOf\":{\"@id\":\"https:\/\/www.duchesne.ca\/#website\"},\"datePublished\":\"2015-02-10T13:43:38+00:00\",\"dateModified\":\"2022-03-04T16:41:47+00:00\",\"breadcrumb\":{\"@id\":\"https:\/\/www.duchesne.ca\/en\/careers-old\/#breadcrumb\"},\"inLanguage\":\"en-US\",\"potentialAction\":[{\"@type\":\"ReadAction\",\"target\":[\"https:\/\/www.duchesne.ca\/en\/careers-old\/\"]}]},{\"@type\":\"BreadcrumbList\",\"@id\":\"https:\/\/www.duchesne.ca\/en\/careers-old\/#breadcrumb\",\"itemListElement\":[{\"@type\":\"ListItem\",\"position\":1,\"name\":\"Accueil\",\"item\":\"https:\/\/www.duchesne.ca\/en\/\"},{\"@type\":\"ListItem\",\"position\":2,\"name\":\"Careers old\"}]},{\"@type\":\"WebSite\",\"@id\":\"https:\/\/www.duchesne.ca\/#website\",\"url\":\"https:\/\/www.duchesne.ca\/\",\"name\":\"Duchesne et Fils Lt\u00e9e\",\"description\":\"Fiable. Simplement.\",\"publisher\":{\"@id\":\"https:\/\/www.duchesne.ca\/#organization\"},\"alternateName\":\"Duchesne\",\"potentialAction\":[{\"@type\":\"SearchAction\",\"target\":{\"@type\":\"EntryPoint\",\"urlTemplate\":\"https:\/\/www.duchesne.ca\/?s={search_term_string}\"},\"query-input\":{\"@type\":\"PropertyValueSpecification\",\"valueRequired\":true,\"valueName\":\"search_term_string\"}}],\"inLanguage\":\"en-US\"},{\"@type\":\"Organization\",\"@id\":\"https:\/\/www.duchesne.ca\/#organization\",\"name\":\"Duchesne & Fils Lt\u00e9e\",\"alternateName\":\"Duchesne\",\"url\":\"https:\/\/www.duchesne.ca\/\",\"logo\":{\"@type\":\"ImageObject\",\"inLanguage\":\"en-US\",\"@id\":\"https:\/\/www.duchesne.ca\/#\/schema\/logo\/image\/\",\"url\":\"https:\/\/www.duchesne.ca\/wp-content\/uploads\/2015\/10\/Logo-FR-noir.png\",\"contentUrl\":\"https:\/\/www.duchesne.ca\/wp-content\/uploads\/2015\/10\/Logo-FR-noir.png\",\"width\":200,\"height\":51,\"caption\":\"Duchesne & Fils Lt\u00e9e\"},\"image\":{\"@id\":\"https:\/\/www.duchesne.ca\/#\/schema\/logo\/image\/\"},\"sameAs\":[\"https:\/\/www.facebook.com\/DuchesneEtFils\",\"https:\/\/www.linkedin.com\/company\/duchesne-et-fils-lte\"]}]}<\/script>\n<!-- \/ Yoast SEO plugin. -->","yoast_head_json":{"title":"Careers old - Duchesne","robots":{"index":"index","follow":"follow","max-snippet":"max-snippet:-1","max-image-preview":"max-image-preview:large","max-video-preview":"max-video-preview:-1"},"canonical":"https:\/\/www.duchesne.ca\/en\/careers-old\/","og_locale":"en_US","og_type":"article","og_title":"Careers old - Duchesne","og_description":"[vc_row inner_container=\"true\" padding_top=\"0px\" padding_bottom=\"0px\" bg_video=\"\" class=\"\" style=\"\"][vc_column fade_animation_offset=\"45px\" width=\"1\/1\"][\/vc_column][\/vc_row][vc_row inner_container=\"true\" padding_top=\"0px\" padding_bottom=\"0px\" bg_video=\"\" class=\"\" style=\"\"][vc_column fade_animation_offset=\"45px\" width=\"1\/1\" id=\"\" class=\"x-promo\" style=\"padding: 10px\"][\/vc_column][\/vc_row][vc_row inner_container=\"true\" padding_top=\"0px\" padding_bottom=\"0px\" bg_video=\"\" class=\"\" style=\"\"][vc_column fade_animation_offset=\"45px\" width=\"1\/1\"][\/vc_column][\/vc_row]","og_url":"https:\/\/www.duchesne.ca\/en\/careers-old\/","og_site_name":"Duchesne","article_publisher":"https:\/\/www.facebook.com\/DuchesneEtFils","article_modified_time":"2022-03-04T16:41:47+00:00","og_image":[{"width":1200,"height":1200,"url":"https:\/\/www.duchesne.ca\/wp-content\/uploads\/2015\/09\/og_en.jpg","type":"image\/jpeg"}],"twitter_misc":{"Est. reading time":"2 minutes"},"schema":{"@context":"https:\/\/schema.org","@graph":[{"@type":"WebPage","@id":"https:\/\/www.duchesne.ca\/en\/careers-old\/","url":"https:\/\/www.duchesne.ca\/en\/careers-old\/","name":"Careers old - Duchesne","isPartOf":{"@id":"https:\/\/www.duchesne.ca\/#website"},"datePublished":"2015-02-10T13:43:38+00:00","dateModified":"2022-03-04T16:41:47+00:00","breadcrumb":{"@id":"https:\/\/www.duchesne.ca\/en\/careers-old\/#breadcrumb"},"inLanguage":"en-US","potentialAction":[{"@type":"ReadAction","target":["https:\/\/www.duchesne.ca\/en\/careers-old\/"]}]},{"@type":"BreadcrumbList","@id":"https:\/\/www.duchesne.ca\/en\/careers-old\/#breadcrumb","itemListElement":[{"@type":"ListItem","position":1,"name":"Accueil","item":"https:\/\/www.duchesne.ca\/en\/"},{"@type":"ListItem","position":2,"name":"Careers old"}]},{"@type":"WebSite","@id":"https:\/\/www.duchesne.ca\/#website","url":"https:\/\/www.duchesne.ca\/","name":"Duchesne et Fils Lt\u00e9e","description":"Fiable. Simplement.","publisher":{"@id":"https:\/\/www.duchesne.ca\/#organization"},"alternateName":"Duchesne","potentialAction":[{"@type":"SearchAction","target":{"@type":"EntryPoint","urlTemplate":"https:\/\/www.duchesne.ca\/?s={search_term_string}"},"query-input":{"@type":"PropertyValueSpecification","valueRequired":true,"valueName":"search_term_string"}}],"inLanguage":"en-US"},{"@type":"Organization","@id":"https:\/\/www.duchesne.ca\/#organization","name":"Duchesne & Fils Lt\u00e9e","alternateName":"Duchesne","url":"https:\/\/www.duchesne.ca\/","logo":{"@type":"ImageObject","inLanguage":"en-US","@id":"https:\/\/www.duchesne.ca\/#\/schema\/logo\/image\/","url":"https:\/\/www.duchesne.ca\/wp-content\/uploads\/2015\/10\/Logo-FR-noir.png","contentUrl":"https:\/\/www.duchesne.ca\/wp-content\/uploads\/2015\/10\/Logo-FR-noir.png","width":200,"height":51,"caption":"Duchesne & Fils Lt\u00e9e"},"image":{"@id":"https:\/\/www.duchesne.ca\/#\/schema\/logo\/image\/"},"sameAs":["https:\/\/www.facebook.com\/DuchesneEtFils","https:\/\/www.linkedin.com\/company\/duchesne-et-fils-lte"]}]}},"_links":{"self":[{"href":"https:\/\/www.duchesne.ca\/en\/wp-json\/wp\/v2\/pages\/6698","targetHints":{"allow":["GET"]}}],"collection":[{"href":"https:\/\/www.duchesne.ca\/en\/wp-json\/wp\/v2\/pages"}],"about":[{"href":"https:\/\/www.duchesne.ca\/en\/wp-json\/wp\/v2\/types\/page"}],"author":[{"embeddable":true,"href":"https:\/\/www.duchesne.ca\/en\/wp-json\/wp\/v2\/users\/35"}],"replies":[{"embeddable":true,"href":"https:\/\/www.duchesne.ca\/en\/wp-json\/wp\/v2\/comments?post=6698"}],"version-history":[{"count":31,"href":"https:\/\/www.duchesne.ca\/en\/wp-json\/wp\/v2\/pages\/6698\/revisions"}],"predecessor-version":[{"id":23355,"href":"https:\/\/www.duchesne.ca\/en\/wp-json\/wp\/v2\/pages\/6698\/revisions\/23355"}],"wp:attachment":[{"href":"https:\/\/www.duchesne.ca\/en\/wp-json\/wp\/v2\/media?parent=6698"}],"curies":[{"name":"wp","href":"https:\/\/api.w.org\/{rel}","templated":true}]}}